{"id":51,"date":"2020-06-30T11:57:36","date_gmt":"2020-06-30T09:57:36","guid":{"rendered":"http:\/\/www.gartentechnik-hagen.de\/?page_id=51"},"modified":"2023-11-10T20:49:35","modified_gmt":"2023-11-10T18:49:35","slug":"kalender-2017","status":"publish","type":"page","link":"https:\/\/www.gartentechnik-hagen.de\/?page_id=51","title":{"rendered":"Kalender 2024"},"content":{"rendered":"\n<!-- WP QUADS Content Ad Plugin v. 1.5.9 -->\n<div class=\"quads-location quads-ad1\" id=\"quads-ad1\" style=\"float:none;margin:5px 0 5px 0;text-align:center;\">\n<script async src=\"\/\/pagead2.googlesyndication.com\/pagead\/js\/adsbygoogle.js\"><\/script>\n<script>\n  (adsbygoogle = window.adsbygoogle || []).push({\n    google_ad_client: \"ca-pub-3556952823996919\",\n    enable_page_level_ads: true\n  });\n<\/script>\n<\/div>\n<p>Auch f\u00fcr das <span style=\"color: #008000;\"><strong>Jahr 2024<\/strong><\/span> gibt es <span style=\"color: #008000;\"><strong>Kalender &amp; Puzzle\u00a0<\/strong><\/span> unter anderem mit<span style=\"color: #008000;\"><strong> Luftbildaufnahmen<\/strong><\/span> aus dem Fl\u00e4ming.<\/p>\n<p>Einfach mal den Link anklicken und schauen was angeboten wird.<\/p>\n<p>\u25ba\u25baMonatskalender 2024 &#x2764;&#xfe0f; <a href=\"https:\/\/amzn.to\/40xMzLv\" target=\"_blank\" rel=\"noopener\">Der Fl\u00e4ming aus der Vogelperspektive<\/a> (Wandkalender 2024, Querformat)<\/p>\n<p><a href=\"https:\/\/amzn.to\/40xMzLv\" target=\"_blank\" rel=\"noopener\">https:\/\/amzn.to\/40xMzLv<\/a><\/p>\n<p>\u25ba\u25baMonatskalender 2024 &#x2764;&#xfe0f;<span class=\"Apple-converted-space\">\u00a0 <\/span><a href=\"https:\/\/amzn.to\/3FVKAXS\" target=\"_blank\" rel=\"noopener\">Lutherstadt Wittenberg &#8211; Stadt der Reformation aus der Vogelperspektive<\/a> (Wandkalender 2024, Querformat)<\/p>\n<p><a href=\"https:\/\/amzn.to\/3FVKAXS\" target=\"_blank\" rel=\"noopener\">https:\/\/amzn.to\/3FVKAXS<\/a><\/p>\n<p>\u25ba\u25baMonatskalender 2024 &#x2764;&#xfe0f;<a href=\"https:\/\/amzn.to\/3FRYIl9\" target=\"_blank\" rel=\"noopener\"><span class=\"Apple-converted-space\">\u00a0 <\/span>Ischia &#8211; Italien<\/a> (Wandkalender 2024, Querformat)<\/p>\n<p><a href=\"https:\/\/amzn.to\/3FRYIl9\" target=\"_blank\" rel=\"noopener\">https:\/\/amzn.to\/3FRYIl9<\/a><\/p>\n<p>\u25ba\u25baMonatskalender 2024 &#x2764;&#xfe0f; <a href=\"https:\/\/amzn.to\/47q5CcR\" target=\"_blank\" rel=\"noopener\">Sachsens Glanz &#8211; historische H\u00f6hepunkte aus der Vogelperspektive<\/a> (Wandkalender 2024, Querformat)<\/p>\n<p><a href=\"https:\/\/amzn.to\/47q5CcR\" target=\"_blank\" rel=\"noopener\">https:\/\/amzn.to\/47q5CcR<\/a><\/p>\n<p>\u25ba\u25baMonatskalender 2024 &#x2764;&#xfe0f;<span class=\"Apple-converted-space\">\u00a0 <\/span>Ittoqqortoormiit &#8211; Eine Siedlung am Eingang des Scoresbysund in Gr\u00f6nland (Wandkalender 2024, Querformat)<\/p>\n<p><a href=\"https:\/\/amzn.to\/2VKPeS1\">https:\/\/amzn.to\/2VKPeS1<\/a><\/p>\n<p>\u25ba\u25baMonatskalender 2024 &#x2764;&#xfe0f;<span class=\"Apple-converted-space\">\u00a0 <\/span><a href=\"https:\/\/amzn.to\/46acBWk\" target=\"_blank\" rel=\"noopener\">Scoresbysund &#8211; Sommer im gr\u00f6\u00dften und l\u00e4ngsten Fjordsystem der Welt <\/a>(Wandkalender 2024, Querformat)<\/p>\n<p><a href=\"https:\/\/amzn.to\/46acBWk\" target=\"_blank\" rel=\"noopener\">https:\/\/amzn.to\/46acBWk<\/a><\/p>\n<p>\u25ba\u25baMonatskalender 2024 &#x2764;&#xfe0f;<span class=\"Apple-converted-space\">\u00a0 <\/span><a href=\"https:\/\/amzn.to\/40zSpfl\" target=\"_blank\" rel=\"noopener\">Matlacha &#8211; farbenfrohe Insel in S\u00fcdwest-Florida<\/a> (Wandkalender 2024, Querformat)<\/p>\n<p><a href=\"https:\/\/amzn.to\/40zSpfl\" target=\"_blank\" rel=\"noopener\">https:\/\/amzn.to\/40zSpfl<\/a><\/p>\n<p>Zudem sind f\u00fcnf \u00a0&#8222;1000 Teile&#8220; Puzzle erh\u00e4ltlich mit Motiven von J\u00fcterbog, Treuenbrietzen, Bad Belzig, Kloster Zins und Wiesenburg.<\/p>\n<ul>\n<li><span style=\"color: #008000;\"><a style=\"color: #008000;\" href=\"https:\/\/amzn.to\/2PYGIKv\">Treuenbrietzen Puzzle<\/a><\/span><\/li>\n<li><span style=\"color: #008000;\"><a style=\"color: #008000;\" href=\"https:\/\/amzn.to\/2Pu2Jjd\">J\u00fcterbog Puzzle<\/a><\/span><\/li>\n<li><span style=\"color: #008000;\"><a style=\"color: #008000;\" href=\"https:\/\/amzn.to\/2wH6nQb\">Bad Belzig Puzzle <\/a>\u00a0\u00a0<\/span><span style=\"color: #008000;\">\u00a0\u00a0 \u00a0 \u00a0 \u00a0 \u00a0 \u00a0 \u00a0 \u00a0 \u00a0 \u00a0 \u00a0 \u00a0 \u00a0\u00a0<\/span><\/li>\n<li><span style=\"color: #008000;\"><a style=\"color: #008000;\" href=\"https:\/\/amzn.to\/2wAHxBk\">Wiesenburg<\/a>\u00a0 \u00a0 \u00a0 \u00a0 \u00a0 \u00a0 \u00a0 \u00a0 \u00a0 \u00a0 \u00a0 \u00a0 \u00a0 \u00a0 \u00a0 \u00a0 \u00a0 \u00a0\u00a0<\/span><\/li>\n<\/ul>\n<p>Eine Vielzahl an Luftbilder\u00a0zum Download finden Sie auch unter:\u00a0<a href=\"https:\/\/www.pictrs.com\/mariohagen?l=de\" target=\"_blank\" rel=\"noopener noreferrer\">Luftbilder Fl\u00e4ming<\/a><\/p>\n\n<!-- WP QUADS Content Ad Plugin v. 1.5.9 -->\n<div class=\"quads-location quads-ad1\" id=\"quads-ad1\" style=\"float:none;margin:5px 0 5px 0;text-align:center;\">\n<script async src=\"\/\/pagead2.googlesyndication.com\/pagead\/js\/adsbygoogle.js\"><\/script>\n<script>\n  (adsbygoogle = window.adsbygoogle || []).push({\n    google_ad_client: \"ca-pub-3556952823996919\",\n    enable_page_level_ads: true\n  });\n<\/script>\n<\/div>\n\n<div style=\"font-size:0px;height:0px;line-height:0px;margin:0;padding:0;clear:both\"><\/div>","protected":false},"excerpt":{"rendered":"<p>Auch f\u00fcr das Jahr 2024 gibt es Kalender &amp; Puzzle\u00a0 unter anderem mit Luftbildaufnahmen aus dem Fl\u00e4ming. Einfach mal den Link anklicken und schauen was angeboten wird. \u25ba\u25baMonatskalender 2024 &#x2764;&#xfe0f; Der Fl\u00e4ming aus der Vogelperspektive (Wandkalender 2024, Querformat) https:\/\/amzn.to\/40xMzLv \u25ba\u25baMonatskalender&hellip; <\/p>\n","protected":false},"author":1,"featured_media":0,"parent":0,"menu_order":0,"comment_status":"closed","ping_status":"closed","template":"","meta":[],"_links":{"self":[{"href":"https:\/\/www.gartentechnik-hagen.de\/index.php?rest_route=\/wp\/v2\/pages\/51"}],"collection":[{"href":"https:\/\/www.gartentechnik-hagen.de\/index.php?rest_route=\/wp\/v2\/pages"}],"about":[{"href":"https:\/\/www.gartentechnik-hagen.de\/index.php?rest_route=\/wp\/v2\/types\/page"}],"author":[{"embeddable":true,"href":"https:\/\/www.gartentechnik-hagen.de\/index.php?rest_route=\/wp\/v2\/users\/1"}],"replies":[{"embeddable":true,"href":"https:\/\/www.gartentechnik-hagen.de\/index.php?rest_route=%2Fwp%2Fv2%2Fcomments&post=51"}],"version-history":[{"count":12,"href":"https:\/\/www.gartentechnik-hagen.de\/index.php?rest_route=\/wp\/v2\/pages\/51\/revisions"}],"predecessor-version":[{"id":260,"href":"https:\/\/www.gartentechnik-hagen.de\/index.php?rest_route=\/wp\/v2\/pages\/51\/revisions\/260"}],"wp:attachment":[{"href":"https:\/\/www.gartentechnik-hagen.de\/index.php?rest_route=%2Fwp%2Fv2%2Fmedia&parent=51"}],"curies":[{"name":"wp","href":"https:\/\/api.w.org\/{rel}","templated":true}]}}