{"id":19,"date":"2015-02-19T09:51:06","date_gmt":"2015-02-19T07:51:06","guid":{"rendered":"http:\/\/www.gartentechnik-hagen.de\/?page_id=19"},"modified":"2015-02-19T10:51:51","modified_gmt":"2015-02-19T08:51:51","slug":"attratec-no-1-suhlengold","status":"publish","type":"page","link":"https:\/\/www.gartentechnik-hagen.de\/?page_id=19","title":{"rendered":"AttraTec No 1 Suhlengold\u00ae"},"content":{"rendered":"\n<!-- WP QUADS Content Ad Plugin v. 1.5.9 -->\n<div class=\"quads-location quads-ad1\" id=\"quads-ad1\" style=\"float:none;margin:5px 0 5px 0;text-align:center;\">\n<script async src=\"\/\/pagead2.googlesyndication.com\/pagead\/js\/adsbygoogle.js\"><\/script>\n<script>\n  (adsbygoogle = window.adsbygoogle || []).push({\n    google_ad_client: \"ca-pub-3556952823996919\",\n    enable_page_level_ads: true\n  });\n<\/script>\n<\/div>\n<h1 class=\"post-title\"><span style=\"color: #339966;\">Forst &amp; Gartentechnik Hagen ist Fachh\u00e4ndler f\u00fcr<\/span><\/h1>\n<h1 class=\"post-title\"><span style=\"color: #339966;\">AttraTec\u00a0No 1 Suhlengold\u00ae<\/span><\/h1>\n<p><span style=\"color: #339966;\"><strong>im Fl\u00e4ming\u00a0<\/strong>(Bad Belzig, Beelitz, Treuenbrietzen, Niemegk, Potsdam, Brandenburg, Wittenberg, J\u00fcterbog)<\/span><\/p>\n<div class=\"post-teaser clearfix\">\n<p><span style=\"color: #339966;\">Wir selbst haben das Suhlengold in unserem Revier erfolgreich getestet und sind begeistert!<\/span><\/p>\n<p><span style=\"color: #339966;\">Bestellen Sie einfach per Email die ben\u00f6tigte Menge an Suhlengold zu 29,90 \u20ac zzgl. 5 Euro Versandkosten.<\/span><\/p>\n<p><span style=\"color: #339966;\"><img src=\"http:\/\/www.attratec.de\/wp-content\/uploads\/2013\/04\/01_501.png\" alt=\"Suhlengold\" align=\"middle\" \/>\u00a0<strong>SAUEN, SICHER\u2026<\/strong><\/span><\/p>\n<p><span style=\"color: #339966;\">Auch wenn Sie als Mensch nur \u00fcber einen Bruchteil der Geruchsleistung von Rot- oder Schwarzwild verf\u00fcgen, werden Sie den stechenden Geruch frisch ausgebrachten Buchenholzteeres sofort wahrnehmen. Daher \u00fcberrascht es nicht, da\u00df dieser Geruch auf Rot- oder Schwarzwild zun\u00e4chst abschreckend wirkt und Wild erst angelockt wird, wenn er verflogen ist. Die besondere Rezeptur von Suhlengold mit weiteren pflanzlichen Lockstoffen, neutralisiert den scharfen Geruch des enthaltenen Buchenholzteeres. Dar\u00fcber hinaus verst\u00e4rken diese Stoffe synergistisch die Lockwirkung. Das Ergebnis: Die Lockwirkung von AttraTec No 1 Suhlengold\u00ae\u00a0ist im Vergleich zu anderen Lockmitteln deutlich erh\u00f6ht und setzt sofort ein.<\/span><\/p>\n<p><span style=\"color: #339966;\"><img src=\"http:\/\/www.attratec.de\/wp-content\/uploads\/2013\/04\/02_501.png\" alt=\"Suhlengold\" align=\"middle\" \/>\u00a0<strong>ENDLICH OHNE HILFSMITTEL<\/strong><\/span><\/p>\n<p><span style=\"color: #339966;\">Kennen Sie das auch? Klebrige Pinsel, Blechdosen mit Tropfnasen, verschmierte Handschuhe? Damit ist jetzt endlich Schluss. Die einzigartige Rezeptur von AttraTec No 1 Suhlengold\u00ae\u00a0erm\u00f6glicht die Ausbringung direkt aus der handlichen Flasche: Aus der Dosiert\u00fclle k\u00f6nnen Sie Suhlengold ohne Tropfen und Kleckern ausbringen und die Flasche dann wieder problemlos kleckerfrei und geruchsdicht verschlie\u00dfen. Ganz ohne Hilfsmittel und auch bei bei niedrigen Temperaturen in Herbst und Winter.<\/span><\/p>\n<p><span style=\"color: #339966;\"><img src=\"http:\/\/www.attratec.de\/wp-content\/uploads\/2013\/04\/03_501.png\" alt=\"Suhlengold\" align=\"middle\" \/>\u00a0<strong>RIECHT NUR, WO ES SOLL<\/strong><\/span><\/p>\n<p><span style=\"color: #339966;\">AttraTec No 1 Suhlengold\u00ae\u00a0entfaltet seine Lockwirkung dort, wo es gew\u00fcnscht ist \u2013 am Malbaum. Nach Gebrauch wird die Flasche mit einem immer wieder dicht schlie\u00dfenden Schraubverschluss verschlossen. Dadurch wird eine Geruchsbel\u00e4stigung w\u00e4hrend dem Transport mit dem Auto oder in Rucksack oder Jagdtasche vermieden.<\/span><\/p>\n<p><span style=\"color: #339966;\">\u00dcbrigens, die Flasche h\u00e4lt auch dann dicht, wenn es einmal etwas turbulenter zugeht: Wir haben Fallversuche durchgef\u00fchrt in denen unsere Flaschen auch St\u00fcrze aus 2 m H\u00f6he unbeschadet \u00fcberstanden haben.<\/span><\/p>\n<p><span style=\"color: #339966;\"><img src=\"http:\/\/www.attratec.de\/wp-content\/uploads\/2013\/04\/04_501.png\" alt=\"Suhlengold\" align=\"middle\" \/>\u00a0<strong>SPARSAM BIS ZUM LETZTEN TROPFEN<\/strong><\/span><\/p>\n<p><span style=\"color: #339966;\">AttraTec No 1 Suhlengold\u00ae\u00a0ist sehr wirksam und muss daher nur in vergleichsweise kleinen Mengen am Malbaum ausgebracht werden. Ungef\u00e4hr 50 g reichen f\u00fcr eine Anwendung. Eine 1 kg Flasche AttraTec No 1 Suhlengold\u00ae\u00a0reicht damit f\u00fcr ca. 20 Anwendungen. Weil die Viskosit\u00e4t im Vergleich zu konventionellem Buchenholzteer viel niedriger ist, k\u00f6nnen Sie AttraTec No1 Suhlengold\u00ae fast bis zum letzten Tropfen aus der Flasche entleeren \u2013\u00a0und zwar zu mehr als 99%. Bis dahin k\u00f6nnen Sie auf der praktischen Skala unserer Flasche jederzeit ablesen, f\u00fcr wie viele Anwendungen der Inhalt noch reicht.<\/span><\/p>\n<p><span style=\"color: #339966;\">Bitte beachten Sie das f\u00fcr Ihr Revier g\u00fcltige Landesjagdgesetz.<\/span><\/p>\n<\/div>\n\n<!-- WP QUADS Content Ad Plugin v. 1.5.9 -->\n<div class=\"quads-location quads-ad1\" id=\"quads-ad1\" style=\"float:none;margin:5px 0 5px 0;text-align:center;\">\n<script async src=\"\/\/pagead2.googlesyndication.com\/pagead\/js\/adsbygoogle.js\"><\/script>\n<script>\n  (adsbygoogle = window.adsbygoogle || []).push({\n    google_ad_client: \"ca-pub-3556952823996919\",\n    enable_page_level_ads: true\n  });\n<\/script>\n<\/div>\n\n<div style=\"font-size:0px;height:0px;line-height:0px;margin:0;padding:0;clear:both\"><\/div>","protected":false},"excerpt":{"rendered":"<p>Forst &amp; Gartentechnik Hagen ist Fachh\u00e4ndler f\u00fcr AttraTec\u00a0No 1 Suhlengold\u00ae im Fl\u00e4ming\u00a0(Bad Belzig, Beelitz, Treuenbrietzen, Niemegk, Potsdam, Brandenburg, Wittenberg, J\u00fcterbog) Wir selbst haben das Suhlengold in unserem Revier erfolgreich getestet und sind begeistert! Bestellen Sie einfach per Email die ben\u00f6tigte&hellip; <\/p>\n","protected":false},"author":1,"featured_media":0,"parent":0,"menu_order":0,"comment_status":"closed","ping_status":"open","template":"","meta":[],"_links":{"self":[{"href":"https:\/\/www.gartentechnik-hagen.de\/index.php?rest_route=\/wp\/v2\/pages\/19"}],"collection":[{"href":"https:\/\/www.gartentechnik-hagen.de\/index.php?rest_route=\/wp\/v2\/pages"}],"about":[{"href":"https:\/\/www.gartentechnik-hagen.de\/index.php?rest_route=\/wp\/v2\/types\/page"}],"author":[{"embeddable":true,"href":"https:\/\/www.gartentechnik-hagen.de\/index.php?rest_route=\/wp\/v2\/users\/1"}],"replies":[{"embeddable":true,"href":"https:\/\/www.gartentechnik-hagen.de\/index.php?rest_route=%2Fwp%2Fv2%2Fcomments&post=19"}],"version-history":[{"count":4,"href":"https:\/\/www.gartentechnik-hagen.de\/index.php?rest_route=\/wp\/v2\/pages\/19\/revisions"}],"predecessor-version":[{"id":34,"href":"https:\/\/www.gartentechnik-hagen.de\/index.php?rest_route=\/wp\/v2\/pages\/19\/revisions\/34"}],"wp:attachment":[{"href":"https:\/\/www.gartentechnik-hagen.de\/index.php?rest_route=%2Fwp%2Fv2%2Fmedia&parent=19"}],"curies":[{"name":"wp","href":"https:\/\/api.w.org\/{rel}","templated":true}]}}