{"id":187,"date":"2019-06-11T23:05:50","date_gmt":"2019-06-11T21:05:50","guid":{"rendered":"http:\/\/www.gartentechnik-hagen.de\/?page_id=187"},"modified":"2020-07-02T17:18:11","modified_gmt":"2020-07-02T15:18:11","slug":"vermietung","status":"publish","type":"page","link":"https:\/\/www.gartentechnik-hagen.de\/?page_id=187","title":{"rendered":"Vermietung"},"content":{"rendered":"\n<!-- WP QUADS Content Ad Plugin v. 1.5.9 -->\n<div class=\"quads-location quads-ad1\" id=\"quads-ad1\" style=\"float:none;margin:5px 0 5px 0;text-align:center;\">\n<script async src=\"\/\/pagead2.googlesyndication.com\/pagead\/js\/adsbygoogle.js\"><\/script>\n<script>\n  (adsbygoogle = window.adsbygoogle || []).push({\n    google_ad_client: \"ca-pub-3556952823996919\",\n    enable_page_level_ads: true\n  });\n<\/script>\n<\/div>\n<p><strong><a href=\"https:\/\/amzn.to\/3eUw2sB\" target=\"_blank\" rel=\"noopener\">Voss Bremsenfalle\u00a0<\/a><\/strong><\/p>\n<p>&nbsp;<\/p>\n<p><span style=\"color: #008000;\"><strong>Pkw &#8211;\u00a0 STEMA 3-Seitenkipper &#8211; Vermietung<\/strong><\/span><\/p>\n<p>Anfragen unter: 0163-5578405 oder per Email. info@gartentechnik-hagen.de<\/p>\n<p><img loading=\"lazy\" class=\"size-thumbnail wp-image-191\" src=\"http:\/\/www.gartentechnik-hagen.de\/wp-content\/uploads\/2019\/06\/STEMA2-150x150.png\" alt=\"\" width=\"150\" height=\"150\" srcset=\"https:\/\/www.gartentechnik-hagen.de\/wp-content\/uploads\/2019\/06\/STEMA2-150x150.png 150w, https:\/\/www.gartentechnik-hagen.de\/wp-content\/uploads\/2019\/06\/STEMA2-230x230.png 230w\" sizes=\"(max-width: 150px) 100vw, 150px\" \/><\/p>\n<ul>\n<li>3 &#8211; Seiten &#8211; Kipper<\/li>\n<li>zul. Gesamtgewicht: 3500kg<\/li>\n<li>Nutzlast: 2630 kg<\/li>\n<li>L\u00e4nge: 3,0m,\u00a0Breite:1,80m,\u00a0Kasten-H\u00f6he: 34,5 cm<br \/>\nmit Handpumpe<\/li>\n<\/ul>\n<p>&nbsp;<\/p>\n<ul>\n<li>3 Stunden: 30,00\u20ac<\/li>\n<li>24 Stunden: 50,00\u20ac<\/li>\n<li>WE (Fr. ab 09:00 &#8211; Mo. bis 09:30) 90,00\u20ac<\/li>\n<li>1 Woche: 180,00\u20ac<\/li>\n<\/ul>\n<p><span style=\"color: #008000;\"><strong>Bosch Laserentfernungsmesser PLR 50C:<\/strong><\/span><\/p>\n<div id=\"attachment_199\" style=\"width: 227px\" class=\"wp-caption aligncenter\"><a href=\"https:\/\/amzn.to\/2YssJ3o\"><img aria-describedby=\"caption-attachment-199\" loading=\"lazy\" class=\"wp-image-199\" src=\"http:\/\/www.gartentechnik-hagen.de\/wp-content\/uploads\/2019\/07\/Bildschirmfoto-2019-07-02-um-09.55.22-150x150.png\" alt=\"\" width=\"217\" height=\"217\" \/><\/a><p id=\"caption-attachment-199\" class=\"wp-caption-text\">Bosch Laser-Entfernungsmesser PLR 50 C<\/p><\/div>\n<p><strong><a href=\"https:\/\/amzn.to\/2FNSdkz\" target=\"_blank\" rel=\"noopener\">Digitaler Laser-Entfernungsmesser PLR 50 C<\/a>*\u00a0<\/strong>ist das neue Ma\u00dfstab f\u00fcr Perfektion. Pr\u00e4zises Messen von Entfernungen bis zu <strong>50 m<\/strong> mit Lasertechnologie. Bequemes Dokumentieren von Messergebnissen via Bluetooth mit der Bosch App PLR measure&amp;go. Selbsterkl\u00e4rendes Bedienkonzept mit Touchscreen und hochwertigem Farbdisplay. Einfaches Bestimmen von L\u00e4ngen, Fl\u00e4chen und Volumen dank integrierter Messfunktionen. Indirekte L\u00e4ngen- und H\u00f6henmessung mit nur einer Messung. Integrierter Neigungssensor erm\u00f6glicht das pr\u00e4zise Messen von Neigungen und Nivellieren von Objekten.<\/p>\n<ul>\n<li>3 Referenzen zum Messen: Vorderkante, Hinterkante, Anschlagplatte.<\/li>\n<li>Dauermessmodus mit Min\/Max Funktion.<\/li>\n<li>Automatisches Addieren und Subtrahieren von L\u00e4ngen, Fl\u00e4chen und Volumen.<\/li>\n<li>Automatische Speicherung der letzten 10 Messergebnisse.<\/li>\n<li>Batterien 3 x 1,5-V-LR03 (AAA),<\/li>\n<li>Handschlaufe,<\/li>\n<li>Schutztasche<\/li>\n<\/ul>\n<p>Technische Daten:<\/p>\n<ul>\n<li>Laserdiode: 635 nm Laserklasse: 2<\/li>\n<li>Messbereich: 0,05 &#8211; 50,00 m<\/li>\n<li>Messgenauigkeit, typ.: \u00b1 2,0 mm<\/li>\n<li>Messzeit, typ.: 0,5 s Messzeit, max.: 4 s<\/li>\n<li>Batterie: 3 x 1,5-V-LR03 (AAA)<\/li>\n<li>Abschaltautomatik: 5 min<\/li>\n<li>Gewicht: 0,13 kg<\/li>\n<li>Fl\u00e4chen-, Volumenberechnung: ja Addition, Subtraktion: ja Dauermessung: ja Pythagoras-Funktion: ja L\u00e4ngenmessung: ja<\/li>\n<\/ul>\n<p><span style=\"color: #008000;\"><strong><a style=\"color: #008000;\" href=\"https:\/\/amzn.to\/2FNSdkz\" target=\"_blank\" rel=\"noopener\">Bosch Laserentfernungsmesser<\/a>* &#8211; Vermietung:<\/strong><\/span><\/p>\n<ul>\n<li>3 Stunden: 5,- \u20ac<\/li>\n<li>24 Stunden: 10,- \u20ac<\/li>\n<li>WE (Fr. ab 09:00 &#8211; Mo. bis 09:30) 20,-\u20ac<\/li>\n<\/ul>\n<p><strong>Selber kaufen:\u00a0<a href=\"https:\/\/amzn.to\/2FNSdkz\" target=\"_blank\" rel=\"noopener\">https:\/\/amzn.to\/2FNSdkz *<\/a><\/strong><\/p>\n<p>&nbsp;<\/p>\n<p>Bei den mit (*) gekennzeichneten Verweisen handelt es sich um Affiliate-Links. F\u00fcr Bestellungen, die nach dem Klick auf so einen Verweis get\u00e4tigt werden, erh\u00e4lt der Seitenbetreiber vom Anbieter eine Provision. Der Verkaufspreis \u00e4ndert sich dadurch nicht.<\/p>\n\n<!-- WP QUADS Content Ad Plugin v. 1.5.9 -->\n<div class=\"quads-location quads-ad1\" id=\"quads-ad1\" style=\"float:none;margin:5px 0 5px 0;text-align:center;\">\n<script async src=\"\/\/pagead2.googlesyndication.com\/pagead\/js\/adsbygoogle.js\"><\/script>\n<script>\n  (adsbygoogle = window.adsbygoogle || []).push({\n    google_ad_client: \"ca-pub-3556952823996919\",\n    enable_page_level_ads: true\n  });\n<\/script>\n<\/div>\n\n<div style=\"font-size:0px;height:0px;line-height:0px;margin:0;padding:0;clear:both\"><\/div>","protected":false},"excerpt":{"rendered":"<p>Voss Bremsenfalle\u00a0 &nbsp; Pkw &#8211;\u00a0 STEMA 3-Seitenkipper &#8211; Vermietung Anfragen unter: 0163-5578405 oder per Email. info@gartentechnik-hagen.de 3 &#8211; Seiten &#8211; Kipper zul. Gesamtgewicht: 3500kg Nutzlast: 2630 kg L\u00e4nge: 3,0m,\u00a0Breite:1,80m,\u00a0Kasten-H\u00f6he: 34,5 cm mit Handpumpe &nbsp; 3 Stunden: 30,00\u20ac 24 Stunden: 50,00\u20ac&hellip; <\/p>\n","protected":false},"author":1,"featured_media":0,"parent":0,"menu_order":0,"comment_status":"closed","ping_status":"closed","template":"","meta":[],"_links":{"self":[{"href":"https:\/\/www.gartentechnik-hagen.de\/index.php?rest_route=\/wp\/v2\/pages\/187"}],"collection":[{"href":"https:\/\/www.gartentechnik-hagen.de\/index.php?rest_route=\/wp\/v2\/pages"}],"about":[{"href":"https:\/\/www.gartentechnik-hagen.de\/index.php?rest_route=\/wp\/v2\/types\/page"}],"author":[{"embeddable":true,"href":"https:\/\/www.gartentechnik-hagen.de\/index.php?rest_route=\/wp\/v2\/users\/1"}],"replies":[{"embeddable":true,"href":"https:\/\/www.gartentechnik-hagen.de\/index.php?rest_route=%2Fwp%2Fv2%2Fcomments&post=187"}],"version-history":[{"count":12,"href":"https:\/\/www.gartentechnik-hagen.de\/index.php?rest_route=\/wp\/v2\/pages\/187\/revisions"}],"predecessor-version":[{"id":228,"href":"https:\/\/www.gartentechnik-hagen.de\/index.php?rest_route=\/wp\/v2\/pages\/187\/revisions\/228"}],"wp:attachment":[{"href":"https:\/\/www.gartentechnik-hagen.de\/index.php?rest_route=%2Fwp%2Fv2%2Fmedia&parent=187"}],"curies":[{"name":"wp","href":"https:\/\/api.w.org\/{rel}","templated":true}]}}